{"id":95,"date":"2021-11-03T13:30:02","date_gmt":"2021-11-03T12:30:02","guid":{"rendered":"https:\/\/prometeodatos.umh.es\/?page_id=95"},"modified":"2023-03-06T12:24:06","modified_gmt":"2023-03-06T11:24:06","slug":"empresas","status":"publish","type":"page","link":"https:\/\/prometeodatos.umh.es\/en\/empresas\/","title":{"rendered":"<span lang=\"es\">(Espa\u00f1ol) CONGRESOS<\/span>"},"content":{"rendered":"\t\t<div data-elementor-type=\"wp-page\" data-elementor-id=\"95\" class=\"elementor elementor-95\" data-elementor-settings=\"[]\">\n\t\t\t\t\t\t<div class=\"elementor-inner\">\n\t\t\t\t\t\t\t<div class=\"elementor-section-wrap\">\n\t\t\t\t\t\t\t<section class=\"elementor-section elementor-top-section elementor-element elementor-element-62e2a19 elementor-section-boxed elementor-section-height-default elementor-section-height-default\" data-id=\"62e2a19\" data-element_type=\"section\">\n\t\t\t\t\t\t<div class=\"elementor-container elementor-column-gap-default\">\n\t\t\t\t\t\t\t<div class=\"elementor-row\">\n\t\t\t\t\t<div class=\"elementor-column elementor-col-100 elementor-top-column elementor-element elementor-element-355dc46\" data-id=\"355dc46\" data-element_type=\"column\">\n\t\t\t<div class=\"elementor-column-wrap elementor-element-populated\">\n\t\t\t\t\t\t\t<div class=\"elementor-widget-wrap\">\n\t\t\t\t\t\t<div class=\"elementor-element elementor-element-64ccd06 elementor-tabs-view-horizontal elementor-widget elementor-widget-tabs\" data-id=\"64ccd06\" data-element_type=\"widget\" data-widget_type=\"tabs.default\">\n\t\t\t\t<div class=\"elementor-widget-container\">\n\t\t\t\t\t<div class=\"elementor-tabs\">\n\t\t\t<div class=\"elementor-tabs-wrapper\" role=\"tablist\" >\n\t\t\t\t\t\t\t\t\t<div id=\"elementor-tab-title-1051\" class=\"elementor-tab-title elementor-tab-desktop-title\" aria-selected=\"true\" data-tab=\"1\" role=\"tab\" tabindex=\"0\" aria-controls=\"elementor-tab-content-1051\" aria-expanded=\"false\"><a href=\"\">2021<\/a><\/div>\n\t\t\t\t\t\t\t\t\t<div id=\"elementor-tab-title-1052\" class=\"elementor-tab-title elementor-tab-desktop-title\" aria-selected=\"false\" data-tab=\"2\" role=\"tab\" tabindex=\"-1\" aria-controls=\"elementor-tab-content-1052\" aria-expanded=\"false\"><a href=\"\">2022<\/a><\/div>\n\t\t\t\t\t\t\t\t\t<div id=\"elementor-tab-title-1053\" class=\"elementor-tab-title elementor-tab-desktop-title\" aria-selected=\"false\" data-tab=\"3\" role=\"tab\" tabindex=\"-1\" aria-controls=\"elementor-tab-content-1053\" aria-expanded=\"false\"><a href=\"\">2023<\/a><\/div>\n\t\t\t\t\t\t\t\t\t<div id=\"elementor-tab-title-1054\" class=\"elementor-tab-title elementor-tab-desktop-title\" aria-selected=\"false\" data-tab=\"4\" role=\"tab\" tabindex=\"-1\" aria-controls=\"elementor-tab-content-1054\" aria-expanded=\"false\"><a href=\"\">2024<\/a><\/div>\n\t\t\t\t\t\t\t<\/div>\n\t\t\t<div class=\"elementor-tabs-content-wrapper\" role=\"tablist\" aria-orientation=\"vertical\">\n\t\t\t\t\t\t\t\t\t<div class=\"elementor-tab-title elementor-tab-mobile-title\" aria-selected=\"true\" data-tab=\"1\" role=\"tab\" tabindex=\"0\" aria-controls=\"elementor-tab-content-1051\" aria-expanded=\"false\">2021<\/div>\n\t\t\t\t\t<div id=\"elementor-tab-content-1051\" class=\"elementor-tab-content elementor-clearfix\" data-tab=\"1\" role=\"tabpanel\" aria-labelledby=\"elementor-tab-title-1051\" tabindex=\"0\" hidden=\"false\"><\/div>\n\t\t\t\t\t\t\t\t\t<div class=\"elementor-tab-title elementor-tab-mobile-title\" aria-selected=\"false\" data-tab=\"2\" role=\"tab\" tabindex=\"-1\" aria-controls=\"elementor-tab-content-1052\" aria-expanded=\"false\">2022<\/div>\n\t\t\t\t\t<div id=\"elementor-tab-content-1052\" class=\"elementor-tab-content elementor-clearfix\" data-tab=\"2\" role=\"tabpanel\" aria-labelledby=\"elementor-tab-title-1052\" tabindex=\"0\" hidden=\"hidden\"><table class=\"alm-listing alm-ajax\" data-container-type=\"table\" data-loading-style=\"default\" data-repeater=\"default\" data-post-type=\"page, post\" data-category=\"Publicaciones\">\n<tbody style=\"height: auto\" class=\"alm-reveal\">\n<tr>\n<td>2022<\/td>\n<td><a href=\"https:\/\/imfaco.umh.es\/\">International Meeting on Functional Analysis and Continuous Optimization<\/a><\/td>\n<td><a href=\"https:\/\/cio.umh.es\/seguras-heras-jose-vicente\/\">Jos\u00e9 Mar\u00eda Amig\u00f3 and Lola C\u00e1novas<\/a><\/td>\n<td><\/td>\n<\/tr>\n<tr>\n<td>2022<\/td>\n<td><a href=\"https:\/\/cio.umh.es\/2022\/01\/12\/prediccion-y-modelizacion-bajo-incertidumbre-aplicaciones-en-salud-y-economia\/\">Predicci\u00f3n y Modelizaci\u00f3n Bajo Incertidumbre: Aplicaciones En Salud y Econom\u00eda<\/a><\/td>\n<td><a href=\"https:\/\/cio.umh.es\/seguras-heras-jose-vicente\/\">Jos\u00e9 Vicente Segura<\/a><\/td>\n<td><\/td>\n<\/tr>\n<tr>\n<td>2022<\/td>\n<td><a href=\"https:\/\/redloca.ulpgc.es\/redloca22.html\">XI International Workshop on Locational Analysis and Related Problems 2022<\/a><\/td>\n<td><a href=\"https:\/\/cio.umh.es\/landete-ruiz-mercedes\/\">Merceds Landete<\/a><\/td>\n<td><\/td>\n<\/tr>\n<\/tbody>\n<\/table><\/div>\n\t\t\t\t\t\t\t\t\t<div class=\"elementor-tab-title elementor-tab-mobile-title\" aria-selected=\"false\" data-tab=\"3\" role=\"tab\" tabindex=\"-1\" aria-controls=\"elementor-tab-content-1053\" aria-expanded=\"false\">2023<\/div>\n\t\t\t\t\t<div id=\"elementor-tab-content-1053\" class=\"elementor-tab-content elementor-clearfix\" data-tab=\"3\" role=\"tabpanel\" aria-labelledby=\"elementor-tab-title-1053\" tabindex=\"0\" hidden=\"hidden\"><table class=\"alm-listing alm-ajax\" data-container-type=\"table\" data-loading-style=\"default\" data-repeater=\"default\" data-post-type=\"page, post\" data-category=\"Publicaciones\">\n<tbody style=\"height: auto\" class=\"alm-reveal\">\n<tr>\n<td>2023<\/td>\n<td><a href=\"https:\/\/iwdsda.umh.es\/\">International Workshop on Deterministic and Stochastic Dynamics and Applications<\/a><\/td>\n<td><a href=\"https:\/\/cio.umh.es\/valero-cuadra-jose\/\">Jos\u00e9 Valero Cuadra<\/a><\/td>\n<td><\/td>\n<\/tr>\n<\/tbody>\n<\/table><\/div>\n\t\t\t\t\t\t\t\t\t<div class=\"elementor-tab-title elementor-tab-mobile-title\" aria-selected=\"false\" data-tab=\"4\" role=\"tab\" tabindex=\"-1\" aria-controls=\"elementor-tab-content-1054\" aria-expanded=\"false\">2024<\/div>\n\t\t\t\t\t<div id=\"elementor-tab-content-1054\" class=\"elementor-tab-content elementor-clearfix\" data-tab=\"4\" role=\"tabpanel\" aria-labelledby=\"elementor-tab-title-1054\" tabindex=\"0\" hidden=\"hidden\"><\/div>\n\t\t\t\t\t\t\t<\/div>\n\t\t<\/div>\n\t\t\t\t<\/div>\n\t\t\t\t<\/div>\n\t\t\t\t\t\t<\/div>\n\t\t\t\t\t<\/div>\n\t\t<\/div>\n\t\t\t\t\t\t\t\t<\/div>\n\t\t\t\t\t<\/div>\n\t\t<\/section>\n\t\t\t\t\t\t<\/div>\n\t\t\t\t\t\t<\/div>\n\t\t\t\t\t<\/div>\n\t\t","protected":false},"excerpt":{"rendered":"<p>2021<br \/>\n\t\t\t\t\t\t\t\t\t2022<br \/>\n\t\t\t\t\t\t\t\t\t2023<br \/>\n\t\t\t\t\t\t\t\t\t2024<br \/>\n\t\t\t\t\t\t\t\t\t2021<br \/>\n\t\t\t\t\t\t\t\t\t2022<\/p>\n<p>2022<br \/>\nInternational Meeting on Functional Analysis and Continuous Optimization<br \/>\nJos\u00e9 Mar\u00eda Amig\u00f3 and Lola C\u00e1novas<\/p>\n<p>2022<br \/>\nPredicci\u00f3n y Modelizaci\u00f3n Bajo Incertidumbre: Aplicaciones En Salud y Econom\u00eda<br \/>\nJos\u00e9 Vicente Segura<\/p>\n<p>2022<br \/>\nXI International Workshop on Locational Analysis and Related Problems 2022<br \/>\nMerceds Landete<\/p>\n<p>\t\t\t\t\t\t\t\t\t2023<\/p>\n<p>2023<br \/>\nInternational Workshop on Deterministic and Stochastic Dynamics and Applications<br \/>\nJos\u00e9 Valero Cuadra<\/p>\n<p>\t\t\t\t\t\t\t\t\t2024<\/p>\n","protected":false},"author":3782,"featured_media":0,"parent":0,"menu_order":0,"comment_status":"closed","ping_status":"closed","template":"page-templates\/template-pagebuilder-full-width.php","meta":{"_links_to":"","_links_to_target":""},"_links":{"self":[{"href":"https:\/\/prometeodatos.umh.es\/en\/wp-json\/wp\/v2\/pages\/95"}],"collection":[{"href":"https:\/\/prometeodatos.umh.es\/en\/wp-json\/wp\/v2\/pages"}],"about":[{"href":"https:\/\/prometeodatos.umh.es\/en\/wp-json\/wp\/v2\/types\/page"}],"author":[{"embeddable":true,"href":"https:\/\/prometeodatos.umh.es\/en\/wp-json\/wp\/v2\/users\/3782"}],"replies":[{"embeddable":true,"href":"https:\/\/prometeodatos.umh.es\/en\/wp-json\/wp\/v2\/comments?post=95"}],"version-history":[{"count":0,"href":"https:\/\/prometeodatos.umh.es\/en\/wp-json\/wp\/v2\/pages\/95\/revisions"}],"wp:attachment":[{"href":"https:\/\/prometeodatos.umh.es\/en\/wp-json\/wp\/v2\/media?parent=95"}],"curies":[{"name":"wp","href":"https:\/\/api.w.org\/{rel}","templated":true}]}}