{"id":46,"date":"2021-11-03T09:50:05","date_gmt":"2021-11-03T08:50:05","guid":{"rendered":"https:\/\/prometeodatos.umh.es\/?page_id=46"},"modified":"2024-07-12T12:47:44","modified_gmt":"2024-07-12T10:47:44","slug":"cursos-de-formacion","status":"publish","type":"page","link":"https:\/\/prometeodatos.umh.es\/ca\/formacion-2\/cursos-de-formacion\/","title":{"rendered":"<span lang=\"es\">(Espa\u00f1ol) COMISI\u00d3N ACAD\u00c9MICA<\/span>"},"content":{"rendered":"\t\t<div data-elementor-type=\"wp-page\" data-elementor-id=\"46\" class=\"elementor elementor-46\" data-elementor-settings=\"[]\">\n\t\t\t\t\t\t<div class=\"elementor-inner\">\n\t\t\t\t\t\t\t<div class=\"elementor-section-wrap\">\n\t\t\t\t\t\t\t<section class=\"elementor-section elementor-top-section elementor-element elementor-element-a67a507 elementor-section-boxed elementor-section-height-default elementor-section-height-default\" data-id=\"a67a507\" data-element_type=\"section\">\n\t\t\t\t\t\t<div class=\"elementor-container elementor-column-gap-default\">\n\t\t\t\t\t\t\t<div class=\"elementor-row\">\n\t\t\t\t\t<div class=\"elementor-column elementor-col-100 elementor-top-column elementor-element elementor-element-d354d30\" data-id=\"d354d30\" data-element_type=\"column\">\n\t\t\t<div class=\"elementor-column-wrap elementor-element-populated\">\n\t\t\t\t\t\t\t<div class=\"elementor-widget-wrap\">\n\t\t\t\t\t\t<div class=\"elementor-element elementor-element-af4aadb elementor-tabs-view-horizontal elementor-widget elementor-widget-tabs\" data-id=\"af4aadb\" data-element_type=\"widget\" data-widget_type=\"tabs.default\">\n\t\t\t\t<div class=\"elementor-widget-container\">\n\t\t\t\t\t<div class=\"elementor-tabs\">\n\t\t\t<div class=\"elementor-tabs-wrapper\" role=\"tablist\" >\n\t\t\t\t\t\t\t\t\t<div id=\"elementor-tab-title-1831\" class=\"elementor-tab-title elementor-tab-desktop-title\" aria-selected=\"true\" data-tab=\"1\" role=\"tab\" tabindex=\"0\" aria-controls=\"elementor-tab-content-1831\" aria-expanded=\"false\"><a href=\"\">2021<\/a><\/div>\n\t\t\t\t\t\t\t\t\t<div id=\"elementor-tab-title-1832\" class=\"elementor-tab-title elementor-tab-desktop-title\" aria-selected=\"false\" data-tab=\"2\" role=\"tab\" tabindex=\"-1\" aria-controls=\"elementor-tab-content-1832\" aria-expanded=\"false\"><a href=\"\">2022<\/a><\/div>\n\t\t\t\t\t\t\t\t\t<div id=\"elementor-tab-title-1833\" class=\"elementor-tab-title elementor-tab-desktop-title\" aria-selected=\"false\" data-tab=\"3\" role=\"tab\" tabindex=\"-1\" aria-controls=\"elementor-tab-content-1833\" aria-expanded=\"false\"><a href=\"\">2023<\/a><\/div>\n\t\t\t\t\t\t\t\t\t<div id=\"elementor-tab-title-1834\" class=\"elementor-tab-title elementor-tab-desktop-title\" aria-selected=\"false\" data-tab=\"4\" role=\"tab\" tabindex=\"-1\" aria-controls=\"elementor-tab-content-1834\" aria-expanded=\"false\"><a href=\"\">2024<\/a><\/div>\n\t\t\t\t\t\t\t<\/div>\n\t\t\t<div class=\"elementor-tabs-content-wrapper\" role=\"tablist\" aria-orientation=\"vertical\">\n\t\t\t\t\t\t\t\t\t<div class=\"elementor-tab-title elementor-tab-mobile-title\" aria-selected=\"true\" data-tab=\"1\" role=\"tab\" tabindex=\"0\" aria-controls=\"elementor-tab-content-1831\" aria-expanded=\"false\">2021<\/div>\n\t\t\t\t\t<div id=\"elementor-tab-content-1831\" class=\"elementor-tab-content elementor-clearfix\" data-tab=\"1\" role=\"tabpanel\" aria-labelledby=\"elementor-tab-title-1831\" tabindex=\"0\" hidden=\"false\"><div><span style=\"color: #000080\">Reuni\u00f3n\u00a0<span class=\"il\">comisi\u00f3n<\/span>\u00a0<span class=\"il\">ejecutiva<\/span> PROMETEO celebrada el 23 de diciembre de 2021<\/span><\/div><div><span style=\"color: #000080\">Orden del d\u00eda:<\/span><div><\/div><div><span style=\"color: #000080\">1. Plazas predoctorales.<\/span><\/div><\/div><div><\/div><div><span style=\"color: #000080\">2. Ruego y preguntas<\/span><\/div><p><\/p><p><span style=\"color: #000080\">Reuni\u00f3n\u00a0<span class=\"il\">comisi\u00f3n<\/span>\u00a0<span class=\"il\">ejecutiva<\/span> PROMETEO celebrada el 26 de noviembre de 2021<\/span><\/p><div><span style=\"color: #000080\">Orden del d\u00eda:<\/span><div><\/div><div><span style=\"color: #000080\">1. Presupuesto congreso IWOLOCA.<\/span><\/div><div><\/div><div><span style=\"color: #000080\">2. Plazas predoctorales.<\/span><\/div><\/div><div><\/div><div><span style=\"color: #000080\">3. Ruego y preguntas<\/span><\/div><p><span style=\"color: #000080\">Reuni\u00f3n\u00a0<span class=\"il\">comisi\u00f3n<\/span>\u00a0<span class=\"il\">ejecutiva<\/span> PROMETEO celebrada el 28 de octubre de 2021<\/span><\/p><p><span style=\"color: #000080\">Orden del d\u00eda:<\/span><\/p><div><\/div><div><span style=\"color: #000080\">1. Plazas predoctorales.<\/span><\/div><div><\/div><div><span style=\"color: #000080\">2. Ruegos y preguntas<\/span><\/div><p><span style=\"color: #000080\">Reuni\u00f3n\u00a0<span class=\"il\">comisi\u00f3n<\/span>\u00a0<span class=\"il\">ejecutiva<\/span> PROMETEO celebrada el 21 de octubre de 2021<\/span><\/p><p><span style=\"color: #000080\">Orden del d\u00eda:<\/span><\/p><div><\/div><div><span style=\"color: #000080\">1. Plazas predoctorales.<\/span><\/div><div><\/div><div><span style=\"color: #000080\">2. Ruegos y preguntas<\/span><\/div><div><\/div><div><\/div><p><span style=\"color: #000080\">Reuni\u00f3n\u00a0<span class=\"il\">comisi\u00f3n<\/span>\u00a0<span class=\"il\">ejecutiva<\/span>\u00a0PROMETEO celebrada el 14 de octubre de 2021<\/span><\/p><div><\/div><div><span style=\"color: #000080\">Orden del d\u00eda:<\/span><\/div><div><\/div><div><span style=\"color: #000080\">1. Presupuesto 2021, notificaci\u00f3n a los solicitantes de su aceptaci\u00f3n o rechazo, los beneficiarios recibir\u00e1n informaci\u00f3n detallada de los requisitos para su justificaci\u00f3n y de los gastos ejecutables.<\/span><\/div><div><div><div><span style=\"color: #000080\">2. Gastos en Open Access y traducciones previa aprobaci\u00f3n de los dos IPs, para su pago el\u00a0art\u00edculo tiene que ir en las l\u00edneas del PROMETEO, siendo as\u00ed ha de aparecer el primero en los agradecimientos.<\/span><\/div><div><\/div><span style=\"color: #000080\">3. Ampliaci\u00f3n presupuesto web PROMETEO para la compra de rollers.<\/span><\/div><div><\/div><div><span style=\"color: #000080\">4. Petici\u00f3n de informaci\u00f3n adicional necesaria a determinados investigadores.<\/span><\/div><\/div><\/div>\n\t\t\t\t\t\t\t\t\t<div class=\"elementor-tab-title elementor-tab-mobile-title\" aria-selected=\"false\" data-tab=\"2\" role=\"tab\" tabindex=\"-1\" aria-controls=\"elementor-tab-content-1832\" aria-expanded=\"false\">2022<\/div>\n\t\t\t\t\t<div id=\"elementor-tab-content-1832\" class=\"elementor-tab-content elementor-clearfix\" data-tab=\"2\" role=\"tabpanel\" aria-labelledby=\"elementor-tab-title-1832\" tabindex=\"0\" hidden=\"hidden\"><div><div><div><p><span style=\"color: #000080\">Reuni\u00f3n\u00a0<span class=\"il\">comisi\u00f3n<\/span>\u00a0<span class=\"il\">ejecutiva<\/span> PROMETEO celebrada el 15 de septiembre de 2022<\/span><\/p><p><span style=\"color: #000080\">Orden del d\u00eda:<\/span><br \/><span style=\"color: #000080\">1. Estudio precandidatos PROMETEO.<\/span><\/p><p><span style=\"color: #000080\">2. Ruegos y preguntas<\/span><\/p><p><span style=\"color: #000080\">Reuni\u00f3n\u00a0<span class=\"il\">comisi\u00f3n<\/span>\u00a0<span class=\"il\">ejecutiva<\/span> PROMETEO celebrada el 28 de junio de 2022<\/span><\/p><p><span style=\"color: #000080\">Orden del d\u00eda:<\/span><br \/><span style=\"color: #000080\">1. Estudio precandidatos y aprobaci\u00f3n de plaza PROMETEO.<\/span><\/p><p><span style=\"color: #000080\">2. Ruegos y preguntas<\/span><\/p><p><span style=\"color: #000080\">Reuni\u00f3n\u00a0<span class=\"il\">comisi\u00f3n<\/span>\u00a0<span class=\"il\">ejecutiva<\/span> PROMETEO celebrada el 21 de junio de 2022<\/span><\/p><p><span style=\"color: #000080\">1. Petici\u00f3n Juan Parra publicaci\u00f3n open access SIOPT<\/span><\/p><p><span style=\"color: #000080\">2. Estudio precandidatos.<\/span><\/p><p><span style=\"color: #000080\">3. Ruegos y preguntas<\/span><\/p><\/div><div><div><span style=\"color: #000080\">Reuni\u00f3n\u00a0<span class=\"il\">comisi\u00f3n<\/span>\u00a0<span class=\"il\">ejecutiva<\/span> PROMETEO celebrada el 2 de junio de 2022<\/span><\/div><div><p><span style=\"color: #000080\">Orden del d\u00eda:<\/span><br \/><span style=\"color: #000080\">1. Petici\u00f3n presupuestaria de un congreso por parte de Carlos Guti\u00e9rrez y Ana Meca.<\/span><\/p><p><span style=\"color: #000080\">2. Petici\u00f3n presupuestaria para traer invitados por parte de Jos\u00e9 Valero.<\/span><\/p><p><span style=\"color: #000080\">3. Ruegos y preguntas<\/span><\/p><\/div><div><\/div><div><span style=\"color: #000080\">Reuni\u00f3n\u00a0<span class=\"il\">comisi\u00f3n<\/span>\u00a0<span class=\"il\">ejecutiva<\/span> PROMETEO celebrada el 12 de mayo de 2022<\/span><\/div><div><p><span style=\"color: #000080\">Orden del d\u00eda:<\/span><\/p><p><span style=\"color: #000080\">1. Estudio y posible aprobaci\u00f3n de presupuestos para el segundo semestre.<\/span><\/p><p><span style=\"color: #000080\">2. Ruegos y preguntas<\/span><\/p><\/div><div><\/div><div><span style=\"color: #000080\">Reuni\u00f3n\u00a0<span class=\"il\">comisi\u00f3n<\/span>\u00a0<span class=\"il\">ejecutiva<\/span> PROMETEO celebrada el 17 de marzo de 2022<\/span><\/div><div><\/div><\/div><div><p><span style=\"color: #000080\">Orden del d\u00eda:<\/span><\/p><div><\/div><div><span style=\"color: #000080\">1. Estudio y posible aprobaci\u00f3n\/modificaci\u00f3n de presupuestos<\/span><\/div><\/div><div><\/div><div><span style=\"color: #000080\">2. Recomendaci\u00f3n no publicaci\u00f3n en la editorial MDPI<\/span><\/div><div><\/div><div><span style=\"color: #000080\">3. Ruegos y preguntas<\/span><\/div><\/div><\/div><div><\/div><div><\/div><div><div><span style=\"color: #000080\">Reuni\u00f3n\u00a0<span class=\"il\">comisi\u00f3n<\/span>\u00a0<span class=\"il\">ejecutiva<\/span> PROMETEO celebrada el 3 de marzo de 2022<\/span><\/div><div><p><span style=\"color: #000080\">Orden del d\u00eda:<\/span><\/p><div><span style=\"color: #000080\">1. Estudio y posible aprobaci\u00f3n de los presupuestos recibidos<\/span><\/div><\/div><div><\/div><div><span style=\"color: #000080\">2. Ruegos y preguntas<\/span><\/div><\/div><div><\/div><div><p><span style=\"color: #000080\">Reuni\u00f3n\u00a0<span class=\"il\">comisi\u00f3n<\/span>\u00a0<span class=\"il\">ejecutiva<\/span> PROMETEO celebrada el 10 de febrero de 2022<\/span><\/p><p><span style=\"color: #000080\">Orden del d\u00eda:<\/span><\/p><div><\/div><div><span style=\"color: #000080\">1. Estudio presupuestos recibidos<\/span><\/div><div><\/div><div><span style=\"color: #000080\">2. Cumplimiento objetivos PROMETEO<\/span><\/div><\/div><div><\/div><div><span style=\"color: #000080\">3. Revistas y publicaciones<\/span><\/div><div><\/div><div><span style=\"color: #000080\">4. Rollers PROMETEO<\/span><\/div><div><\/div><div><span style=\"color: #000080\">5. Ruego y preguntas<\/span><\/div><div><\/div><p><span style=\"color: #000080\">Reuni\u00f3n\u00a0<span class=\"il\">comisi\u00f3n<\/span>\u00a0<span class=\"il\">ejecutiva<\/span> PROMETEO celebrada el 10 de enero de 2022<\/span><\/p><div><p><span style=\"color: #000080\">Orden del d\u00eda:<\/span><\/p><div><\/div><div><span style=\"color: #000080\">1. Estudio presupuestos recibidos<\/span><\/div><div><\/div><div><span style=\"color: #000080\">2. Cumplimiento objetivos PROMETEO<\/span><\/div><\/div><div><\/div><div><span style=\"color: #000080\">3. Revistas y publicaciones<\/span><\/div><div><\/div><div><span style=\"color: #000080\">4. Rollers PROMETEO<\/span><\/div><div><\/div><div><span style=\"color: #000080\">5. Ruego y preguntas<\/span><\/div><\/div>\n\t\t\t\t\t\t\t\t\t<div class=\"elementor-tab-title elementor-tab-mobile-title\" aria-selected=\"false\" data-tab=\"3\" role=\"tab\" tabindex=\"-1\" aria-controls=\"elementor-tab-content-1833\" aria-expanded=\"false\">2023<\/div>\n\t\t\t\t\t<div id=\"elementor-tab-content-1833\" class=\"elementor-tab-content elementor-clearfix\" data-tab=\"3\" role=\"tabpanel\" aria-labelledby=\"elementor-tab-title-1833\" tabindex=\"0\" hidden=\"hidden\"><p><span style=\"color: #000080\">Reuni\u00f3n\u00a0<span class=\"il\">comisi\u00f3n<\/span>\u00a0<span class=\"il\">ejecutiva<\/span> PROMETEO celebrada el 26 de octubre de 2023<\/span><\/p><p><span style=\"color: #000080\">Orden del d\u00eda:<\/span><\/p><p><span style=\"color: #000080\">1.\u00a0 Aprobaci\u00f3n plazas predoctorales y posdoctorales<\/span><\/p><p><span style=\"color: #000080\">2.\u00a0 Solicitud viaje<\/span><\/p><p><span style=\"color: #000080\">3. <span>\u00a0Estado de la investigaci\u00f3n y cuentas\u00a0<\/span><span>PROMETEO para la previsi\u00f3n del \u00faltimo a\u00f1o<\/span><\/span><\/p><p><span style=\"color: #000080\">4. Ruegos y preguntas<\/span><\/p><p><span style=\"color: #000080\">Reuni\u00f3n\u00a0<span class=\"il\">comisi\u00f3n<\/span>\u00a0<span class=\"il\">ejecutiva<\/span> PROMETEO celebrada el 15 de junio de 2023<\/span><\/p><p><span style=\"color: #000080\">Orden del d\u00eda:<\/span><\/p><p><span style=\"color: #000080\">1.\u00a0 Aprobaci\u00f3n viajes solicitadas por miembros PROMETEO<\/span><\/p><p><span style=\"color: #000080\">2. Ruegos y preguntas<\/span><\/p><p><span style=\"color: #000080\">Reuni\u00f3n\u00a0<span class=\"il\">comisi\u00f3n<\/span>\u00a0<span class=\"il\">ejecutiva<\/span> PROMETEO celebrada el 18 de mayo de 2023<\/span><\/p><p><span style=\"color: #000080\">Orden del d\u00eda:<\/span><\/p><p><span style=\"color: #000080\">1. An\u00e1lisis\u00a0y aprobaci\u00f3n plazas pr\u00f3xima convocatoria PROMETEO<\/span><\/p><p><span style=\"color: #000080\">2.\u00a0 Aprobaci\u00f3n dietas viajes solicitadas por miembros PROMETEO<\/span><\/p><p><span style=\"color: #000080\">3. Ruegos y preguntas<\/span><\/p><p><span style=\"color: #000080\">Reuni\u00f3n\u00a0<span class=\"il\">comisi\u00f3n<\/span>\u00a0<span class=\"il\">ejecutiva<\/span> PROMETEO celebrada el 2 de marzo de 2023<\/span><\/p><p><span style=\"color: #000080\">Orden del d\u00eda:<\/span><br \/><span style=\"color: #000080\">1. Aprobaci\u00f3n presupuestos econ\u00f3micos miembros PROMETEO<\/span><\/p><p><span style=\"color: #000080\">2. Ruegos y preguntas<\/span><\/p><p><span style=\"color: #000080\">Reuni\u00f3n\u00a0<span class=\"il\">comisi\u00f3n<\/span>\u00a0<span class=\"il\">ejecutiva<\/span> PROMETEO celebrada el 14 de febrero de 2023<\/span><\/p><p><span style=\"color: #000080\">Orden del d\u00eda:<\/span><br \/><span style=\"color: #000080\">1. Aprobaci\u00f3n presupuestos econ\u00f3micos miembros PROMETEO<\/span><\/p><p><span style=\"color: #000080\">2. Ruegos y preguntas<\/span><\/p><p><span style=\"color: #000080\">Reuni\u00f3n\u00a0<span class=\"il\">comisi\u00f3n<\/span>\u00a0<span class=\"il\">ejecutiva<\/span> PROMETEO celebrada el 9 de febrero de 2023<\/span><\/p><p><span style=\"color: #000080\">1. Informaci\u00f3n del estado en cual se encuentra el proyecto PROMETEO.\u00a0<\/span><\/p><p><span style=\"color: #000080\">2. Informaci\u00f3n detallada de las publicaciones realizadas y comprometidas\u00a0<\/span><\/p><p><span style=\"color: #000080\">3. Informaci\u00f3n detallada criterios selecci\u00f3n estudiantes predoctorales<\/span><\/p><p><span style=\"color: #000080\">4. Ruegos y preguntas<\/span><\/p><p><span style=\"color: #000080\">Reuni\u00f3n\u00a0<span class=\"il\">comisi\u00f3n<\/span>\u00a0<span class=\"il\">ejecutiva<\/span> PROMETEO celebrada el 2 de febrero de 2023<\/span><\/p><p><span style=\"color: #000080\">Orden del d\u00eda:<\/span><br \/><span style=\"color: #000080\">1. Aprobaci\u00f3n presupuestos econ\u00f3micos miembros PROMETEO<\/span><\/p><p><span style=\"color: #000080\">2. Ruegos y preguntas<\/span><\/p><\/div>\n\t\t\t\t\t\t\t\t\t<div class=\"elementor-tab-title elementor-tab-mobile-title\" aria-selected=\"false\" data-tab=\"4\" role=\"tab\" tabindex=\"-1\" aria-controls=\"elementor-tab-content-1834\" aria-expanded=\"false\">2024<\/div>\n\t\t\t\t\t<div id=\"elementor-tab-content-1834\" class=\"elementor-tab-content elementor-clearfix\" data-tab=\"4\" role=\"tabpanel\" aria-labelledby=\"elementor-tab-title-1834\" tabindex=\"0\" hidden=\"hidden\"><span style=\"color: #000080\">Reuni\u00f3n\u00a0<span class=\"il\">comisi\u00f3n<\/span>\u00a0<span class=\"il\">ejecutiva<\/span> PROMETEO celebrada el 8 de junio de 2024<\/span>\n\n<span style=\"color: #000080\">Orden del d\u00eda:<\/span>\n\n<span style=\"color: #000080\">1.\u00a0 1. Aprobaci\u00f3n excedente presupuesto<\/span>\n\n<span style=\"color: #000080\">2. Ruegos y preguntas<\/span>\n\n<span style=\"color: #000080\">Reuni\u00f3n\u00a0<span class=\"il\">comisi\u00f3n<\/span>\u00a0<span class=\"il\">ejecutiva<\/span> PROMETEO celebrada el 1 de febrero de 2024<\/span>\n\n<span style=\"color: #000080\">Orden del d\u00eda:<\/span>\n\n<span style=\"color: #000080\">1.\u00a0 1. Aprobaci\u00f3n del presupuesto solicitado por los investigadores<\/span>\n\n<span style=\"color: #000080\">2. Ruegos y preguntas<\/span><\/div>\n\t\t\t\t\t\t\t<\/div>\n\t\t<\/div>\n\t\t\t\t<\/div>\n\t\t\t\t<\/div>\n\t\t\t\t\t\t<\/div>\n\t\t\t\t\t<\/div>\n\t\t<\/div>\n\t\t\t\t\t\t\t\t<\/div>\n\t\t\t\t\t<\/div>\n\t\t<\/section>\n\t\t\t\t\t\t<\/div>\n\t\t\t\t\t\t<\/div>\n\t\t\t\t\t<\/div>\n\t\t","protected":false},"excerpt":{"rendered":"<p>2021<br \/>\n\t\t\t\t\t\t\t\t\t2022<br \/>\n\t\t\t\t\t\t\t\t\t2023<br \/>\n\t\t\t\t\t\t\t\t\t2024<br \/>\n\t\t\t\t\t\t\t\t\t2021<br \/>\n\t\t\t\t\tReuni\u00f3n\u00a0comisi\u00f3n\u00a0ejecutiva PROMETEO celebrada el 23 de diciembre de 2021Orden del d\u00eda:1. Plazas predoctorales.2. Ruego y preguntas<br \/>\nReuni\u00f3n\u00a0comisi\u00f3n\u00a0ejecutiva PROMETEO celebrada el 26 de noviembre de 2021<br \/>\nOrden del d\u00eda:1. Presupuesto congreso IWOLOCA.2. Plazas predoctorales.3. Ruego y preguntas<br \/>\nReuni\u00f3n\u00a0comisi\u00f3n\u00a0ejecutiva PROMETEO celebrada el 28 de octubre de 2021<br \/>\nOrden del d\u00eda:<br \/>\n1. Plazas predoctorales.2. Ruegos y preguntas<br \/>\nReuni\u00f3n\u00a0comisi\u00f3n\u00a0ejecutiva PROMETEO celebrada el 21 de octubre [&#8230;]<\/p>\n","protected":false},"author":3782,"featured_media":0,"parent":40,"menu_order":0,"comment_status":"closed","ping_status":"closed","template":"page-templates\/template-pagebuilder-full-width.php","meta":{"_links_to":"","_links_to_target":""},"_links":{"self":[{"href":"https:\/\/prometeodatos.umh.es\/ca\/wp-json\/wp\/v2\/pages\/46"}],"collection":[{"href":"https:\/\/prometeodatos.umh.es\/ca\/wp-json\/wp\/v2\/pages"}],"about":[{"href":"https:\/\/prometeodatos.umh.es\/ca\/wp-json\/wp\/v2\/types\/page"}],"author":[{"embeddable":true,"href":"https:\/\/prometeodatos.umh.es\/ca\/wp-json\/wp\/v2\/users\/3782"}],"replies":[{"embeddable":true,"href":"https:\/\/prometeodatos.umh.es\/ca\/wp-json\/wp\/v2\/comments?post=46"}],"version-history":[{"count":0,"href":"https:\/\/prometeodatos.umh.es\/ca\/wp-json\/wp\/v2\/pages\/46\/revisions"}],"up":[{"embeddable":true,"href":"https:\/\/prometeodatos.umh.es\/ca\/wp-json\/wp\/v2\/pages\/40"}],"wp:attachment":[{"href":"https:\/\/prometeodatos.umh.es\/ca\/wp-json\/wp\/v2\/media?parent=46"}],"curies":[{"name":"wp","href":"https:\/\/api.w.org\/{rel}","templated":true}]}}