{"id":34,"date":"2021-11-03T09:46:41","date_gmt":"2021-11-03T08:46:41","guid":{"rendered":"https:\/\/prometeodatos.umh.es\/?page_id=34"},"modified":"2024-07-12T10:57:15","modified_gmt":"2024-07-12T08:57:15","slug":"personas","status":"publish","type":"page","link":"https:\/\/prometeodatos.umh.es\/ca\/personas\/","title":{"rendered":"<span lang=\"es\">(Espa\u00f1ol) PERSONAS<\/span>"},"content":{"rendered":"\t\t<div data-elementor-type=\"wp-page\" data-elementor-id=\"34\" class=\"elementor elementor-34\" data-elementor-settings=\"[]\">\n\t\t\t\t\t\t<div class=\"elementor-inner\">\n\t\t\t\t\t\t\t<div class=\"elementor-section-wrap\">\n\t\t\t\t\t\t\t<section class=\"elementor-section elementor-top-section elementor-element elementor-element-f05b8a1 elementor-section-boxed elementor-section-height-default elementor-section-height-default\" data-id=\"f05b8a1\" data-element_type=\"section\">\n\t\t\t\t\t\t<div class=\"elementor-container elementor-column-gap-default\">\n\t\t\t\t\t\t\t<div class=\"elementor-row\">\n\t\t\t\t\t<div class=\"elementor-column elementor-col-100 elementor-top-column elementor-element elementor-element-cbb32ae\" data-id=\"cbb32ae\" data-element_type=\"column\">\n\t\t\t<div class=\"elementor-column-wrap elementor-element-populated\">\n\t\t\t\t\t\t\t<div class=\"elementor-widget-wrap\">\n\t\t\t\t\t\t<div class=\"elementor-element elementor-element-341d4e1 elementor-widget elementor-widget-heading\" data-id=\"341d4e1\" data-element_type=\"widget\" data-widget_type=\"heading.default\">\n\t\t\t\t<div class=\"elementor-widget-container\">\n\t\t\t<h2 class=\"elementor-heading-title elementor-size-default\">Miembros<\/h2>\t\t<\/div>\n\t\t\t\t<\/div>\n\t\t\t\t\t\t<\/div>\n\t\t\t\t\t<\/div>\n\t\t<\/div>\n\t\t\t\t\t\t\t\t<\/div>\n\t\t\t\t\t<\/div>\n\t\t<\/section>\n\t\t\t\t<section class=\"elementor-section elementor-top-section elementor-element elementor-element-65165ab elementor-section-boxed elementor-section-height-default elementor-section-height-default\" data-id=\"65165ab\" data-element_type=\"section\">\n\t\t\t\t\t\t<div class=\"elementor-container elementor-column-gap-default\">\n\t\t\t\t\t\t\t<div class=\"elementor-row\">\n\t\t\t\t\t<div class=\"elementor-column elementor-col-100 elementor-top-column elementor-element elementor-element-ace5f85\" data-id=\"ace5f85\" data-element_type=\"column\">\n\t\t\t<div class=\"elementor-column-wrap elementor-element-populated\">\n\t\t\t\t\t\t\t<div class=\"elementor-widget-wrap\">\n\t\t\t\t\t\t<div class=\"elementor-element elementor-element-9090c4b elementor-tabs-view-horizontal elementor-widget elementor-widget-tabs\" data-id=\"9090c4b\" data-element_type=\"widget\" data-widget_type=\"tabs.default\">\n\t\t\t\t<div class=\"elementor-widget-container\">\n\t\t\t\t\t<div class=\"elementor-tabs\">\n\t\t\t<div class=\"elementor-tabs-wrapper\" role=\"tablist\" >\n\t\t\t\t\t\t\t\t\t<div id=\"elementor-tab-title-1511\" class=\"elementor-tab-title elementor-tab-desktop-title\" aria-selected=\"true\" data-tab=\"1\" role=\"tab\" tabindex=\"0\" aria-controls=\"elementor-tab-content-1511\" aria-expanded=\"false\"><a href=\"\">Miembros<\/a><\/div>\n\t\t\t\t\t\t\t\t\t<div id=\"elementor-tab-title-1512\" class=\"elementor-tab-title elementor-tab-desktop-title\" aria-selected=\"false\" data-tab=\"2\" role=\"tab\" tabindex=\"-1\" aria-controls=\"elementor-tab-content-1512\" aria-expanded=\"false\"><a href=\"\">Miembros en Formaci\u00f3n<\/a><\/div>\n\t\t\t\t\t\t\t<\/div>\n\t\t\t<div class=\"elementor-tabs-content-wrapper\" role=\"tablist\" aria-orientation=\"vertical\">\n\t\t\t\t\t\t\t\t\t<div class=\"elementor-tab-title elementor-tab-mobile-title\" aria-selected=\"true\" data-tab=\"1\" role=\"tab\" tabindex=\"0\" aria-controls=\"elementor-tab-content-1511\" aria-expanded=\"false\">Miembros<\/div>\n\t\t\t\t\t<div id=\"elementor-tab-content-1511\" class=\"elementor-tab-content elementor-clearfix\" data-tab=\"1\" role=\"tabpanel\" aria-labelledby=\"elementor-tab-title-1511\" tabindex=\"0\" hidden=\"false\">&nbsp;\n<table class=\"alm-listing alm-ajax\" data-container-type=\"table\" data-loading-style=\"default\" data-repeater=\"default\" data-post-type=\"page\" data-category=\"Miembros-Propios\" data-meta-key=\"apellidos\" data-order=\"ASC\" data-orderby=\"meta_value\" data-offset=\"0\" data-posts-per-page=\"100\" data-scroll=\"true\" data-scroll-distance=\"100\" data-max-pages=\"0\" data-pause-override=\"false\" data-pause=\"false\" data-button-label=\"Cargar m\u00e1s...\" data-button-loading-label=\"Cargando miembros...\">\n<tbody style=\"height: auto\" class=\"alm-reveal\">\n<tr>\n<td nowrap=\"nowrap\"><a href=\"https:\/\/cio.umh.es\/amigo-nueva\/\">Amig\u00f3, Jos\u00e9 Mar\u00eda<\/a><\/td>\n<td nowrap=\"nowrap\">Catedr\u00e1tico de Universidad<\/td>\n<td nowrap=\"nowrap\"><a href=\"mailto:jm.amigo@umh.es\">jm.amigo@umh.es<\/a><\/td>\n<td nowrap=\"nowrap\"><a href=\"tel:+34 96 665 8911\">+34 96 665 8911<\/a><\/td>\n<\/tr>\n<tr>\n<td nowrap=\"nowrap\"><a href=\"https:\/\/cio.umh.es\/aparicio-baeza-juan\/\">Aparicio Baeza, Juan<\/a><\/td>\n<td nowrap=\"nowrap\">Catedr\u00e1tico de Universidad<\/td>\n<td nowrap=\"nowrap\"><a href=\"mailto:j.aparicio@umh.es\">j.aparicio@umh.es<\/a><\/td>\n<td nowrap=\"nowrap\"><a href=\"tel:+34 96 665 8534\">+34 96 665 8534<\/a><\/td>\n<\/tr>\n<tr><\/tr>\n<tr><\/tr>\n<tr>\n<td nowrap=\"nowrap\"><a href=\"https:\/\/cio.umh.es\/canovas-canovas-maria-josefa\/\">C\u00e1novas C\u00e1novas, Mar\u00eda Josefa<\/a><\/td>\n<td nowrap=\"nowrap\">Catedr\u00e1tica de Universidad<\/td>\n<td nowrap=\"nowrap\"><a href=\"mailto:canovas@umh.es\">canovas@umh.es<\/a><\/td>\n<td nowrap=\"nowrap\"><a href=\"tel:+34 96 665 8716\">+34 96 665 8716<\/a><\/td>\n<\/tr>\n<tr><\/tr>\n<tr>\n<td nowrap=\"nowrap\"><a href=\"https:\/\/cio.umh.es\/ferrando-perez-juan-carlos\/\">Ferrando P\u00e9rez, Juan Carlos<\/a><\/td>\n<td nowrap=\"nowrap\">Catedr\u00e1tico de Universidad<\/td>\n<td nowrap=\"nowrap\"><a href=\"mailto:jc.ferrando@umh.es\">jc.ferrando@umh.es<\/a><\/td>\n<td nowrap=\"nowrap\"><a href=\"tel:+34 96 665 8712\">+34 96 665 8712<\/a><\/td>\n<\/tr>\n<tr>\n<td nowrap=\"nowrap\"><a href=\"https:\/\/cio.umh.es\/gimenez-pastor-angel\/\">Gim\u00e9nez Pastor, \u00c1ngel<\/a><\/td>\n<td nowrap=\"nowrap\">Profesor Titular de Universidad<\/td>\n<td nowrap=\"nowrap\"><a href=\"mailto:a.gimenez@umh.es\">a.gimenez@umh.es<\/a><\/td>\n<td nowrap=\"nowrap\"><a href=\"tel:+34 96 665 8542\">+34 96 665 8542<\/a><\/td>\n<\/tr>\n<tr>\n<td nowrap=\"nowrap\"><a href=\"https:\/\/cio.umh.es\/guitierrez-hita-carlosc\/\">Guti\u00e9rrez Hita, Carlos<\/a><\/td>\n<td nowrap=\"nowrap\">Profesor Titular de Universidad<\/td>\n<td nowrap=\"nowrap\"><a href=\"mailto:cgutierrez@umh.es\">cgutierrez@umh.es<\/a><\/td>\n<td nowrap=\"nowrap\"><a href=\"tel:+34 96 665 8869\">+34 96 665 8869<\/a><\/td>\n<\/tr>\n<tr><\/tr>\n<tr>\n<td nowrap=\"nowrap\"><a href=\"https:\/\/cio.umh.es\/landete-ruiz-mercedes\/\">Landete Ruiz, Mercedes<\/a><\/td>\n<td nowrap=\"nowrap\">Catedr\u00e1tica de Universidad<\/td>\n<td nowrap=\"nowrap\"><a href=\"mailto:landete@umh.es\">landete@umh.es<\/a><\/td>\n<td nowrap=\"nowrap\"><a href=\"tel:+34 96 665 8718\">+34 96 665 8718<\/a><\/td>\n<\/tr>\n<tr><\/tr>\n<tr>\n<td nowrap=\"nowrap\"><a href=\"https:\/\/cio.umh.es\/lopez-espin-jose-juan\/\">L\u00f3pez Esp\u00edn, Jos\u00e9 Juan<\/a><\/td>\n<td nowrap=\"nowrap\">Profesor Titular de Universidad<\/td>\n<td nowrap=\"nowrap\"><a href=\"mailto:jlopez@umh.es\">jlopez@umh.es<\/a><\/td>\n<td nowrap=\"nowrap\"><a href=\"tel:+34 96 665 8694\">+34 96 665 8694<\/a><\/td>\n<\/tr>\n<tr>\n<td nowrap=\"nowrap\"><a href=\"https:\/\/cio.umh.es\/meca-martinez-ana\/\">Meca Mart\u00ednez, Ana<\/a><\/td>\n<td nowrap=\"nowrap\">Catedr\u00e1tica de Universidad<\/td>\n<td nowrap=\"nowrap\"><a href=\"mailto:ana.meca@umh.es\">ana.meca@umh.es<\/a><\/td>\n<td nowrap=\"nowrap\"><a href=\"tel:+34 96 665 8717\">+34 96 665 8717<\/a><\/td>\n<\/tr>\n<tr>\n<td nowrap=\"nowrap\"><a href=\"https:\/\/cio.umh.es\/monge-ivars-juan-francisco\/\">Monge Ivars, Juan Francisco<\/a><\/td>\n<td nowrap=\"nowrap\">Profesor Titular de Universidad<\/td>\n<td nowrap=\"nowrap\"><a href=\"mailto:monge@umh.es\">monge@umh.es<\/a><\/td>\n<td nowrap=\"nowrap\"><a href=\"tel:+34 96 665 8543\">+34 96 665 8543<\/a><\/td>\n<\/tr>\n<tr>\n<td nowrap=\"nowrap\"><a href=\"https:\/\/cio.umh.es\/morales-gonzalez-domingo\/\">Morales Gonz\u00e1lez, Domingo<\/a><\/td>\n<td nowrap=\"nowrap\">Catedr\u00e1tico de Universidad<\/td>\n<td nowrap=\"nowrap\"><a href=\"mailto:d.morales@umh.es\">d.morales@umh.es<\/a><\/td>\n<td nowrap=\"nowrap\"><a href=\"tel:+34 96 665 8709\">+34 96 665 8709<\/a><\/td>\n<\/tr>\n<tr>\n<td nowrap=\"nowrap\"><a href=\"https:\/\/cio.umh.es\/penalver-benavent-antonio\/\">Pe\u00f1alver Benavent, Antonio<\/a><\/td>\n<td nowrap=\"nowrap\">Profesor Titular de Universidad<\/td>\n<td nowrap=\"nowrap\"><a href=\"mailto:a.penalver@umh.es\">a.penalver@umh.es<\/a><\/td>\n<td nowrap=\"nowrap\"><a href=\"tel:+34 96 665 8374\">+34 96 665 8374<\/a><\/td>\n<\/tr>\n<tr>\n<td nowrap=\"nowrap\"><a href=\"https:\/\/cio.umh.es\/ruiz-gomez-jose-luis\/\">Ruiz G\u00f3mez, Jos\u00e9 Luis<\/a><\/td>\n<td nowrap=\"nowrap\">Catedr\u00e1tico de Universidad<\/td>\n<td nowrap=\"nowrap\"><a href=\"mailto:jlruiz@umh.es\">jlruiz@umh.es<\/a><\/td>\n<td nowrap=\"nowrap\"><a href=\"tel:+34 96 665 8714\">+34 96 665 8714<\/a><\/td>\n<\/tr>\n<tr>\n<td nowrap=\"nowrap\"><a href=\"https:\/\/cio.umh.es\/sanchez-soriano-joaquin\/\">S\u00e1nchez Soriano, Joaqu\u00edn<\/a><\/td>\n<td nowrap=\"nowrap\">Catedr\u00e1tico de Universidad<\/td>\n<td nowrap=\"nowrap\"><a href=\"mailto:joaquin@umh.es\">joaquin@umh.es<\/a><\/td>\n<td nowrap=\"nowrap\"><a href=\"tel:+34 96 665 8539\">+34 96 665 8539<\/a><\/td>\n<\/tr>\n<tr>\n<td nowrap=\"nowrap\"><a href=\"https:\/\/cio.umh.es\/seguras-heras-jose-vicente\/\">Seguras Heras, Jos\u00e9 Vicente<\/a><\/td>\n<td nowrap=\"nowrap\">Profesor Titular de Universidad<\/td>\n<td nowrap=\"nowrap\"><a href=\"mailto:jvsh@umh.es\">jvsh@umh.es<\/a><\/td>\n<td nowrap=\"nowrap\"><a href=\"tel:+34 96 523 3799\">+34 96 523 3799<\/a><\/td>\n<\/tr>\n<tr>\n<td nowrap=\"nowrap\"><a href=\"https:\/\/cio.umh.es\/sirvent-quilez-inmaculada\/\">Sirvent Qu\u00edlez, Inmaculada<\/a><\/td>\n<td nowrap=\"nowrap\">Profesora Titular de Universidad<\/td>\n<td nowrap=\"nowrap\"><a href=\"mailto:isirvent@umh.es\">isirvent@umh.es<\/a><\/td>\n<td nowrap=\"nowrap\"><a href=\"tel:+34 96 665 8692\">+34 96 665 8692<\/a><\/td>\n<\/tr>\n<tr>\n<td nowrap=\"nowrap\"><a href=\"https:\/\/cio.umh.es\/toledo-melero-francisco-javier\/\">Toledo Melero, Francisco Javier<\/a><\/td>\n<td nowrap=\"nowrap\">Profesor Titular de Universidad<\/td>\n<td nowrap=\"nowrap\"><a href=\"mailto:javier.toledo@umh.es\">javier.toledo@umh.es<\/a><\/td>\n<td nowrap=\"nowrap\"><a href=\"tel:+34 96 665 8371\">+34 96 665 8371<\/a><\/td>\n<\/tr>\n<tr>\n<td nowrap=\"nowrap\"><a href=\"https:\/\/cio.umh.es\/valero-cuadra-jose\/\">Valero Cuadra, Jos\u00e9<\/a><\/td>\n<td nowrap=\"nowrap\">Catedr\u00e1tico de Universidad<\/td>\n<td nowrap=\"nowrap\"><a href=\"mailto:jvalero@umh.es\">jvalero@umh.es<\/a><\/td>\n<td nowrap=\"nowrap\"><a href=\"tel:+34 96 665 8893\">+34 96 665 8893<\/a><\/td>\n<\/tr>\n<\/tbody>\n<\/table><\/div>\n\t\t\t\t\t\t\t\t\t<div class=\"elementor-tab-title elementor-tab-mobile-title\" aria-selected=\"false\" data-tab=\"2\" role=\"tab\" tabindex=\"-1\" aria-controls=\"elementor-tab-content-1512\" aria-expanded=\"false\">Miembros en Formaci\u00f3n<\/div>\n\t\t\t\t\t<div id=\"elementor-tab-content-1512\" class=\"elementor-tab-content elementor-clearfix\" data-tab=\"2\" role=\"tabpanel\" aria-labelledby=\"elementor-tab-title-1512\" tabindex=\"0\" hidden=\"hidden\"><table class=\"alm-listing alm-ajax\" data-container-type=\"table\" data-loading-style=\"default\" data-repeater=\"default\" data-post-type=\"page\" data-category=\"Miembros-Propios\" data-meta-key=\"apellidos\" data-order=\"ASC\" data-orderby=\"meta_value\" data-offset=\"0\" data-posts-per-page=\"100\" data-scroll=\"true\" data-scroll-distance=\"100\" data-max-pages=\"0\" data-pause-override=\"false\" data-pause=\"false\" data-button-label=\"Cargar m\u00e1s...\" data-button-loading-label=\"Cargando miembros...\">\n<tbody style=\"height: auto\" class=\"alm-reveal\">\n<tr>\n<td nowrap=\"nowrap\"><a href=\"https:\/\/www.scopus.com\/authid\/detail.uri?authorId=57223026161\">Ozcan, Ismail<\/a><\/td>\n<td nowrap=\"nowrap\">Investigador Postdoctoral PROMETEO 2021\/063<\/td>\n<td nowrap=\"nowrap\"><a href=\"mailto:\"><\/a><\/td>\n<td nowrap=\"nowrap\"><\/td>\n<\/tr>\n<tr>\n<td nowrap=\"nowrap\"><a href=\"https:\/\/cio.umh.es\/bugallo-porto-maria\/\">Bugallo Porto, Mar\u00eda<\/a><\/td>\n<td nowrap=\"nowrap\">Investigadora Predoctoral PROMETEO 2021\/063<\/td>\n<td nowrap=\"nowrap\"><a href=\"mailto:mbugallo@umh.es\">mbugallo@umh.es<\/a><\/td>\n<td nowrap=\"nowrap\"><\/td>\n<\/tr>\n<tr>\n<td nowrap=\"nowrap\"><a href=\"https:\/\/cio.umh.es\/rodriguez-ballesteros-sofia\/\">Rodr\u00edguez Ballesteros, Sof\u00eda<\/a><\/td>\n<td nowrap=\"nowrap\">Investigadora Predoctoral PROMETEO 2021\/063<\/td>\n<td nowrap=\"nowrap\"><a href=\"mailto:sofia.rodriguezb@umh.es\">sofia.rodriguezb@umh.es<\/a><\/td>\n<td nowrap=\"nowrap\"><\/td>\n<\/tr>\n<\/tbody>\n<\/table><\/div>\n\t\t\t\t\t\t\t<\/div>\n\t\t<\/div>\n\t\t\t\t<\/div>\n\t\t\t\t<\/div>\n\t\t\t\t\t\t<\/div>\n\t\t\t\t\t<\/div>\n\t\t<\/div>\n\t\t\t\t\t\t\t\t<\/div>\n\t\t\t\t\t<\/div>\n\t\t<\/section>\n\t\t\t\t\t\t<\/div>\n\t\t\t\t\t\t<\/div>\n\t\t\t\t\t<\/div>\n\t\t","protected":false},"excerpt":{"rendered":"<p>Miembros<br \/>\n\t\t\t\t\t\t\t\t\tMiembros<br \/>\n\t\t\t\t\t\t\t\t\tMiembros en Formaci\u00f3n<br \/>\n\t\t\t\t\t\t\t\t\tMiembros<br \/>\n\t\t\t\t\t&nbsp;<\/p>\n<p>Amig\u00f3, Jos\u00e9 Mar\u00eda<br \/>\nCatedr\u00e1tico de Universidad<br \/>\njm.amigo@umh.es<br \/>\n+34 96 665 8911<\/p>\n<p>Aparicio Baeza, Juan<br \/>\nCatedr\u00e1tico de Universidad<br \/>\nj.aparicio@umh.es<br \/>\n+34 96 665 8534<\/p>\n<p>C\u00e1novas C\u00e1novas, Mar\u00eda Josefa<br \/>\nCatedr\u00e1tica de Universidad<br \/>\ncanovas@umh.es<br \/>\n+34 96 665 8716<\/p>\n<p>Ferrando P\u00e9rez, Juan Carlos<br \/>\nCatedr\u00e1tico de Universidad<br \/>\njc.ferrando@umh.es<br \/>\n+34 96 665 8712<\/p>\n<p>Gim\u00e9nez Pastor, \u00c1ngel<br \/>\nProfesor Titular de Universidad<br \/>\na.gimenez@umh.es<br \/>\n+34 96 665 8542<\/p>\n<p>Guti\u00e9rrez Hita, Carlos<br \/>\nProfesor Titular de Universidad<br \/>\ncgutierrez@umh.es<br \/>\n+34 96 665 8869<\/p>\n<p>Landete Ruiz, Mercedes<br \/>\nCatedr\u00e1tica de Universidad<br \/>\nlandete@umh.es<br \/>\n+34 96 665 [&#8230;]<\/p>\n","protected":false},"author":3782,"featured_media":0,"parent":0,"menu_order":0,"comment_status":"closed","ping_status":"closed","template":"page-templates\/template-pagebuilder-full-width.php","meta":{"_links_to":"","_links_to_target":""},"_links":{"self":[{"href":"https:\/\/prometeodatos.umh.es\/ca\/wp-json\/wp\/v2\/pages\/34"}],"collection":[{"href":"https:\/\/prometeodatos.umh.es\/ca\/wp-json\/wp\/v2\/pages"}],"about":[{"href":"https:\/\/prometeodatos.umh.es\/ca\/wp-json\/wp\/v2\/types\/page"}],"author":[{"embeddable":true,"href":"https:\/\/prometeodatos.umh.es\/ca\/wp-json\/wp\/v2\/users\/3782"}],"replies":[{"embeddable":true,"href":"https:\/\/prometeodatos.umh.es\/ca\/wp-json\/wp\/v2\/comments?post=34"}],"version-history":[{"count":0,"href":"https:\/\/prometeodatos.umh.es\/ca\/wp-json\/wp\/v2\/pages\/34\/revisions"}],"wp:attachment":[{"href":"https:\/\/prometeodatos.umh.es\/ca\/wp-json\/wp\/v2\/media?parent=34"}],"curies":[{"name":"wp","href":"https:\/\/api.w.org\/{rel}","templated":true}]}}