{"id":12,"date":"2021-10-26T10:27:16","date_gmt":"2021-10-26T10:27:16","guid":{"rendered":"http:\/\/prometeodatos.zeus.umh.es\/presentacion\/"},"modified":"2024-07-12T10:43:57","modified_gmt":"2024-07-12T08:43:57","slug":"home","status":"publish","type":"page","link":"https:\/\/prometeodatos.umh.es\/ca\/","title":{"rendered":"Home"},"content":{"rendered":"\t\t<div data-elementor-type=\"wp-page\" data-elementor-id=\"12\" class=\"elementor elementor-12\" data-elementor-settings=\"[]\">\n\t\t\t\t\t\t<div class=\"elementor-inner\">\n\t\t\t\t\t\t\t<div class=\"elementor-section-wrap\">\n\t\t\t\t\t\t\t<section class=\"elementor-section elementor-top-section elementor-element elementor-element-68cc04ef elementor-section-boxed elementor-section-height-default elementor-section-height-default\" data-id=\"68cc04ef\" data-element_type=\"section\">\n\t\t\t\t\t\t<div class=\"elementor-container elementor-column-gap-default\">\n\t\t\t\t\t\t\t<div class=\"elementor-row\">\n\t\t\t\t\t<div class=\"elementor-column elementor-col-100 elementor-top-column elementor-element elementor-element-47ab7059\" data-id=\"47ab7059\" data-element_type=\"column\">\n\t\t\t<div class=\"elementor-column-wrap elementor-element-populated\">\n\t\t\t\t\t\t\t<div class=\"elementor-widget-wrap\">\n\t\t\t\t\t\t<div class=\"elementor-element elementor-element-708d351f elementor-widget elementor-widget-text-editor\" data-id=\"708d351f\" data-element_type=\"widget\" data-widget_type=\"text-editor.default\">\n\t\t\t\t<div class=\"elementor-widget-container\">\n\t\t\t\t\t\t\t\t<div class=\"elementor-text-editor elementor-clearfix\">\n\t\t\t\t\t\t\t\t\t<\/div>\n\t\t\t\t\t\t<\/div>\n\t\t\t\t<\/div>\n\t\t\t\t\t\t<\/div>\n\t\t\t\t\t<\/div>\n\t\t<\/div>\n\t\t\t\t\t\t\t\t<\/div>\n\t\t\t\t\t<\/div>\n\t\t<\/section>\n\t\t\t\t<section class=\"elementor-section elementor-top-section elementor-element elementor-element-d61b954 elementor-section-boxed elementor-section-height-default elementor-section-height-default\" data-id=\"d61b954\" data-element_type=\"section\">\n\t\t\t\t\t\t<div class=\"elementor-container elementor-column-gap-default\">\n\t\t\t\t\t\t\t<div class=\"elementor-row\">\n\t\t\t\t\t<div class=\"elementor-column elementor-col-100 elementor-top-column elementor-element elementor-element-670e635\" data-id=\"670e635\" data-element_type=\"column\">\n\t\t\t<div class=\"elementor-column-wrap elementor-element-populated\">\n\t\t\t\t\t\t\t<div class=\"elementor-widget-wrap\">\n\t\t\t\t\t\t<div class=\"elementor-element elementor-element-1c23815 elementor-widget elementor-widget-image\" data-id=\"1c23815\" data-element_type=\"widget\" data-widget_type=\"image.default\">\n\t\t\t\t<div class=\"elementor-widget-container\">\n\t\t\t\t\t\t\t\t<div class=\"elementor-image\">\n\t\t\t\t\t\t\t\t\t\t\t\t\t<a href=\"https:\/\/prometeodatos.umh.es\/files\/2024\/07\/Logo-Conselleria-Educacion.jpg\" data-elementor-open-lightbox=\"yes\" data-elementor-lightbox-title=\"Logo Conselleria Educaci\u00f3n\">\n\t\t\t\t\t\t\t<img width=\"300\" height=\"158\" src=\"https:\/\/prometeodatos.umh.es\/files\/2024\/07\/Logo-Conselleria-Educacion-300x158.jpg\" class=\"attachment-medium size-medium\" alt=\"\" loading=\"lazy\" srcset=\"https:\/\/prometeodatos.umh.es\/files\/2024\/07\/Logo-Conselleria-Educacion-300x158.jpg 300w, https:\/\/prometeodatos.umh.es\/files\/2024\/07\/Logo-Conselleria-Educacion.jpg 309w\" sizes=\"(max-width: 300px) 100vw, 300px\" \/>\t\t\t\t\t\t\t\t<\/a>\n\t\t\t\t\t\t\t\t\t\t\t\t\t\t<\/div>\n\t\t\t\t\t\t<\/div>\n\t\t\t\t<\/div>\n\t\t\t\t\t\t<\/div>\n\t\t\t\t\t<\/div>\n\t\t<\/div>\n\t\t\t\t\t\t\t\t<\/div>\n\t\t\t\t\t<\/div>\n\t\t<\/section>\n\t\t\t\t<section class=\"elementor-section elementor-top-section elementor-element elementor-element-725a7f4 elementor-section-boxed elementor-section-height-default elementor-section-height-default\" data-id=\"725a7f4\" data-element_type=\"section\">\n\t\t\t\t\t\t<div class=\"elementor-container elementor-column-gap-default\">\n\t\t\t\t\t\t\t<div class=\"elementor-row\">\n\t\t\t\t\t<div class=\"elementor-column elementor-col-100 elementor-top-column elementor-element elementor-element-3b601df\" data-id=\"3b601df\" data-element_type=\"column\">\n\t\t\t<div class=\"elementor-column-wrap elementor-element-populated\">\n\t\t\t\t\t\t\t<div class=\"elementor-widget-wrap\">\n\t\t\t\t\t\t<div class=\"elementor-element elementor-element-0777584 elementor-widget elementor-widget-heading\" data-id=\"0777584\" data-element_type=\"widget\" data-widget_type=\"heading.default\">\n\t\t\t\t<div class=\"elementor-widget-container\">\n\t\t\t<h2 class=\"elementor-heading-title elementor-size-default\">PROMETEO DATOS<\/h2>\t\t<\/div>\n\t\t\t\t<\/div>\n\t\t\t\t<div class=\"elementor-element elementor-element-c50572b elementor-widget-divider--view-line elementor-widget elementor-widget-divider\" data-id=\"c50572b\" data-element_type=\"widget\" data-widget_type=\"divider.default\">\n\t\t\t\t<div class=\"elementor-widget-container\">\n\t\t\t\t\t<div class=\"elementor-divider\">\n\t\t\t<span class=\"elementor-divider-separator\">\n\t\t\t\t\t\t<\/span>\n\t\t<\/div>\n\t\t\t\t<\/div>\n\t\t\t\t<\/div>\n\t\t\t\t<div class=\"elementor-element elementor-element-1372c3c elementor-widget elementor-widget-shortcode\" data-id=\"1372c3c\" data-element_type=\"widget\" data-widget_type=\"shortcode.default\">\n\t\t\t\t<div class=\"elementor-widget-container\">\n\t\t\t\t\t<div class=\"elementor-shortcode\"><script data-cfasync=\"false\" type=\"text\/javascript\">var lsjQuery = jQuery;<\/script><script data-cfasync=\"false\" type=\"text\/javascript\">\r\nlsjQuery(document).ready(function() {\r\nif(typeof lsjQuery.fn.layerSlider == \"undefined\") {\r\nif( window._layerSlider &&\u00a0window._layerSlider.showNotice) { \r\nwindow._layerSlider.showNotice('layerslider_7','jquery');\r\n}\r\n} else {\r\nlsjQuery(\"#layerslider_7\").layerSlider({sliderVersion: '6.0.5', showCircleTimer: false, skinsPath: '\/wp-content\/plugins\/LayerSlider\/static\/layerslider\/skins\/'});\r\n}\r\n});\r\n<\/script><div id=\"layerslider_7\" class=\"ls-wp-container fitvidsignore\" style=\"width:1280px;height:720px;margin:0 auto;margin-bottom: 0px;\"><div class=\"ls-slide\" data-ls=\"duration:4000;kenburnsscale:1.2;\"><img width=\"1024\" height=\"683\" src=\"https:\/\/prometeodatos.umh.es\/files\/2022\/01\/UMH-Elche-11861-1024x683-1.jpg\" class=\"ls-l\" alt=\"\" loading=\"lazy\" srcset=\"https:\/\/prometeodatos.umh.es\/files\/2022\/01\/UMH-Elche-11861-1024x683-1.jpg 1024w, https:\/\/prometeodatos.umh.es\/files\/2022\/01\/UMH-Elche-11861-1024x683-1-300x200.jpg 300w, https:\/\/prometeodatos.umh.es\/files\/2022\/01\/UMH-Elche-11861-1024x683-1-768x512.jpg 768w, https:\/\/prometeodatos.umh.es\/files\/2022\/01\/UMH-Elche-11861-1024x683-1-360x240.jpg 360w\" sizes=\"(max-width: 1024px) 100vw, 1024px\" style=\"top:50%;left:50%;text-align:initial;font-weight:400;font-style:normal;text-decoration:none;wordwrap:false;opacity:1;\"><\/div><div class=\"ls-slide\" data-ls=\"duration:4000;kenburnsscale:1.2;\"><img width=\"1024\" height=\"628\" src=\"https:\/\/prometeodatos.umh.es\/files\/2022\/01\/DATOS-prometeo-e1641816210237.png\" class=\"ls-l\" alt=\"\" loading=\"lazy\" style=\"top:50%;left:50%;text-align:initial;font-weight:400;font-style:normal;text-decoration:none;wordwrap:false;opacity:1;\"><\/div><\/div><\/div>\n\t\t\t\t<\/div>\n\t\t\t\t<\/div>\n\t\t\t\t<div class=\"elementor-element elementor-element-16ffa5d elementor-widget elementor-widget-text-editor\" data-id=\"16ffa5d\" data-element_type=\"widget\" data-widget_type=\"text-editor.default\">\n\t\t\t\t<div class=\"elementor-widget-container\">\n\t\t\t\t\t\t\t\t<div class=\"elementor-text-editor elementor-clearfix\">\n\t\t\t\t<h1><strong>Prometeo para grupos de investigaci\u00f3n de excelencia \u2013 PROMETEO 2021\/063 financiado por la Conselleria de Educaci\u00f3n, Universidades y Empleo<\/strong><\/h1><p style=\"text-align: justify\">Para dirigirnos al futuro dise\u00f1ado por los 17 objetivos de desarrollo sostenible (ODS) formulados por la ONU, especialmente a los relativos a pobreza, desigualdad, clima, degradaci\u00f3n ambiental, prosperidad, paz o justicia, es necesario tener elementos de an\u00e1lisis y monitoreo. La ciencia de datos, en su acepci\u00f3n m\u00e1s general, proporciona herramientas \u00fatiles para saber si la sociedad evoluciona en la direcci\u00f3n adecuada. Desde la Estad\u00edstica, la Optimizaci\u00f3n, la Matem\u00e1tica Aplicada y la Inform\u00e1tica, el proyecto DATOS desarrolla procedimientos cuantitativos y computacionales aplicables a la toma de decisiones en el \u00e1mbito de: (i) las ciencias socioecon\u00f3micas y la estad\u00edstica p\u00fablica, (ii) las ciencias medioambientales, (iii) las ciencias de la salud y la epidemiologia, (iv) la ingenier\u00eda, la ciencia de datos y la inteligencia artificial. El proyecto est\u00e1 orientado a aportar elementos para el seguimiento de los objetivos de desarrollo sostenible y para la optimizaci\u00f3n de procedimientos encaminados a la consecuci\u00f3n de tales objetivos.<\/p><p style=\"text-align: justify\">El proyecto aborda cuatro aspectos b\u00e1sicos (bloques) de la Ciencia de Datos: (a) el tratamiento inform\u00e1tico y estad\u00edstico de la informaci\u00f3n, (b) la gesti\u00f3n de recursos y los modelos de decisi\u00f3n estrat\u00e9gica, (c) la matem\u00e1tica aplicada y la optimizaci\u00f3n continua, (d) la implementaci\u00f3n de algoritmos que proporcionen soluciones num\u00e9ricas de sistemas complejos y el desarrollo de t\u00e9cnicas de inteligencia artificial que permitan tratar grandes vol\u00famenes de datos.<\/p>\t\t\t\t\t<\/div>\n\t\t\t\t\t\t<\/div>\n\t\t\t\t<\/div>\n\t\t\t\t\t\t<\/div>\n\t\t\t\t\t<\/div>\n\t\t<\/div>\n\t\t\t\t\t\t\t\t<\/div>\n\t\t\t\t\t<\/div>\n\t\t<\/section>\n\t\t\t\t<section class=\"elementor-section elementor-top-section elementor-element elementor-element-14b277d elementor-section-boxed elementor-section-height-default elementor-section-height-default\" data-id=\"14b277d\" data-element_type=\"section\">\n\t\t\t\t\t\t<div class=\"elementor-container elementor-column-gap-default\">\n\t\t\t\t\t\t\t<div class=\"elementor-row\">\n\t\t\t\t\t<div class=\"elementor-column elementor-col-100 elementor-top-column elementor-element elementor-element-f24ad17\" data-id=\"f24ad17\" data-element_type=\"column\">\n\t\t\t<div class=\"elementor-column-wrap elementor-element-populated\">\n\t\t\t\t\t\t\t<div class=\"elementor-widget-wrap\">\n\t\t\t\t\t\t<div class=\"elementor-element elementor-element-b5fad52 elementor-widget elementor-widget-image\" data-id=\"b5fad52\" data-element_type=\"widget\" data-widget_type=\"image.default\">\n\t\t\t\t<div class=\"elementor-widget-container\">\n\t\t\t\t\t\t\t\t<div class=\"elementor-image\">\n\t\t\t\t\t\t\t\t\t\t\t\t<img width=\"2175\" height=\"45\" src=\"https:\/\/prometeodatos.umh.es\/files\/2022\/01\/barra.jpg\" class=\"attachment-full size-full\" alt=\"\" loading=\"lazy\" srcset=\"https:\/\/prometeodatos.umh.es\/files\/2022\/01\/barra.jpg 2175w, https:\/\/prometeodatos.umh.es\/files\/2022\/01\/barra-300x6.jpg 300w, https:\/\/prometeodatos.umh.es\/files\/2022\/01\/barra-1024x21.jpg 1024w, https:\/\/prometeodatos.umh.es\/files\/2022\/01\/barra-768x16.jpg 768w, https:\/\/prometeodatos.umh.es\/files\/2022\/01\/barra-1536x32.jpg 1536w, https:\/\/prometeodatos.umh.es\/files\/2022\/01\/barra-2048x42.jpg 2048w\" sizes=\"(max-width: 2175px) 100vw, 2175px\" \/>\t\t\t\t\t\t\t\t\t\t\t\t\t\t<\/div>\n\t\t\t\t\t\t<\/div>\n\t\t\t\t<\/div>\n\t\t\t\t\t\t<\/div>\n\t\t\t\t\t<\/div>\n\t\t<\/div>\n\t\t\t\t\t\t\t\t<\/div>\n\t\t\t\t\t<\/div>\n\t\t<\/section>\n\t\t\t\t\t\t<\/div>\n\t\t\t\t\t\t<\/div>\n\t\t\t\t\t<\/div>\n\t\t","protected":false},"excerpt":{"rendered":"<p>P\u00e1gina de presentaci\u00f3n de la unidad organizativa<\/p>\n","protected":false},"author":1,"featured_media":0,"parent":0,"menu_order":0,"comment_status":"closed","ping_status":"open","template":"","meta":{"_links_to":"","_links_to_target":""},"_links":{"self":[{"href":"https:\/\/prometeodatos.umh.es\/ca\/wp-json\/wp\/v2\/pages\/12"}],"collection":[{"href":"https:\/\/prometeodatos.umh.es\/ca\/wp-json\/wp\/v2\/pages"}],"about":[{"href":"https:\/\/prometeodatos.umh.es\/ca\/wp-json\/wp\/v2\/types\/page"}],"author":[{"embeddable":true,"href":"https:\/\/prometeodatos.umh.es\/ca\/wp-json\/wp\/v2\/users\/1"}],"replies":[{"embeddable":true,"href":"https:\/\/prometeodatos.umh.es\/ca\/wp-json\/wp\/v2\/comments?post=12"}],"version-history":[{"count":0,"href":"https:\/\/prometeodatos.umh.es\/ca\/wp-json\/wp\/v2\/pages\/12\/revisions"}],"wp:attachment":[{"href":"https:\/\/prometeodatos.umh.es\/ca\/wp-json\/wp\/v2\/media?parent=12"}],"curies":[{"name":"wp","href":"https:\/\/api.w.org\/{rel}","templated":true}]}}