{"id":116,"date":"2021-11-03T13:39:37","date_gmt":"2021-11-03T12:39:37","guid":{"rendered":"https:\/\/prometeodatos.umh.es\/?page_id=116"},"modified":"2024-09-11T08:55:02","modified_gmt":"2024-09-11T06:55:02","slug":"contacto","status":"publish","type":"page","link":"https:\/\/prometeodatos.umh.es\/ca\/contacto\/","title":{"rendered":"<span lang=\"es\">(Espa\u00f1ol) INVESTIGADORES INVITADOS<\/span>"},"content":{"rendered":"\t\t<div data-elementor-type=\"wp-page\" data-elementor-id=\"116\" class=\"elementor elementor-116\" data-elementor-settings=\"[]\">\n\t\t\t\t\t\t<div class=\"elementor-inner\">\n\t\t\t\t\t\t\t<div class=\"elementor-section-wrap\">\n\t\t\t\t\t\t\t<section class=\"elementor-section elementor-top-section elementor-element elementor-element-83df07b elementor-section-boxed elementor-section-height-default elementor-section-height-default\" data-id=\"83df07b\" data-element_type=\"section\">\n\t\t\t\t\t\t<div class=\"elementor-container elementor-column-gap-default\">\n\t\t\t\t\t\t\t<div class=\"elementor-row\">\n\t\t\t\t\t<div class=\"elementor-column elementor-col-100 elementor-top-column elementor-element elementor-element-9ed7d64\" data-id=\"9ed7d64\" data-element_type=\"column\">\n\t\t\t<div class=\"elementor-column-wrap elementor-element-populated\">\n\t\t\t\t\t\t\t<div class=\"elementor-widget-wrap\">\n\t\t\t\t\t\t<div class=\"elementor-element elementor-element-26da067 elementor-tabs-view-horizontal elementor-widget elementor-widget-tabs\" data-id=\"26da067\" data-element_type=\"widget\" data-widget_type=\"tabs.default\">\n\t\t\t\t<div class=\"elementor-widget-container\">\n\t\t\t\t\t<div class=\"elementor-tabs\">\n\t\t\t<div class=\"elementor-tabs-wrapper\" role=\"tablist\" >\n\t\t\t\t\t\t\t\t\t<div id=\"elementor-tab-title-4071\" class=\"elementor-tab-title elementor-tab-desktop-title\" aria-selected=\"true\" data-tab=\"1\" role=\"tab\" tabindex=\"0\" aria-controls=\"elementor-tab-content-4071\" aria-expanded=\"false\"><a href=\"\">2021<\/a><\/div>\n\t\t\t\t\t\t\t\t\t<div id=\"elementor-tab-title-4072\" class=\"elementor-tab-title elementor-tab-desktop-title\" aria-selected=\"false\" data-tab=\"2\" role=\"tab\" tabindex=\"-1\" aria-controls=\"elementor-tab-content-4072\" aria-expanded=\"false\"><a href=\"\">2022<\/a><\/div>\n\t\t\t\t\t\t\t\t\t<div id=\"elementor-tab-title-4073\" class=\"elementor-tab-title elementor-tab-desktop-title\" aria-selected=\"false\" data-tab=\"3\" role=\"tab\" tabindex=\"-1\" aria-controls=\"elementor-tab-content-4073\" aria-expanded=\"false\"><a href=\"\">2023<\/a><\/div>\n\t\t\t\t\t\t\t\t\t<div id=\"elementor-tab-title-4074\" class=\"elementor-tab-title elementor-tab-desktop-title\" aria-selected=\"false\" data-tab=\"4\" role=\"tab\" tabindex=\"-1\" aria-controls=\"elementor-tab-content-4074\" aria-expanded=\"false\"><a href=\"\">2024<\/a><\/div>\n\t\t\t\t\t\t\t<\/div>\n\t\t\t<div class=\"elementor-tabs-content-wrapper\" role=\"tablist\" aria-orientation=\"vertical\">\n\t\t\t\t\t\t\t\t\t<div class=\"elementor-tab-title elementor-tab-mobile-title\" aria-selected=\"true\" data-tab=\"1\" role=\"tab\" tabindex=\"0\" aria-controls=\"elementor-tab-content-4071\" aria-expanded=\"false\">2021<\/div>\n\t\t\t\t\t<div id=\"elementor-tab-content-4071\" class=\"elementor-tab-content elementor-clearfix\" data-tab=\"1\" role=\"tabpanel\" aria-labelledby=\"elementor-tab-title-4071\" tabindex=\"0\" hidden=\"false\"><table class=\"alm-listing alm-ajax\" data-container-type=\"table\" data-loading-style=\"default\" data-repeater=\"default\" data-post-type=\"page, post\" data-category=\"Publicaciones\">\n<tbody style=\"height: auto\" class=\"alm-reveal\">\n<tr>\n<td>2021<\/td>\n<td><a href=\"https:\/\/www.scopus.com\/authid\/detail.uri?authorId=6603899835\">Fernando Bernstein<\/a><\/td>\n<td><a href=\"https:\/\/cio.umh.es\/meca-martinez-ana\/\">Ana Meca<\/a><\/td>\n<td>Duke University<\/td>\n<td>Professor<\/td>\n<\/tr>\n<tr>\n<td>2021<\/td>\n<td><a href=\"https:\/\/www.scopus.com\/authid\/detail.uri?authorId=57213145238\">Juan Carlos Gon\u00e7alves-Dosantos<\/a><\/td>\n<td><a href=\"https:\/\/cio.umh.es\/meca-martinez-ana\/\">Ana Meca<\/a><\/td>\n<td>Santiago Compostela University<\/td>\n<td>Postdoctoral researcher<\/td>\n<\/tr>\n<tr>\n<td>2021<\/td>\n<td><a href=\"https:\/\/www.scopus.com\/authid\/detail.uri?authorId=36632547500\">Francisco Morillas<\/a><\/td>\n<td><a href=\"https:\/\/cio.umh.es\/valero-cuadra-jose\/\">Jos\u00e9 Valero<\/a><\/td>\n<td>Valencia University<\/td>\n<td>Associate Professor<\/td>\n<\/tr>\n<\/tbody>\n<\/table><\/div>\n\t\t\t\t\t\t\t\t\t<div class=\"elementor-tab-title elementor-tab-mobile-title\" aria-selected=\"false\" data-tab=\"2\" role=\"tab\" tabindex=\"-1\" aria-controls=\"elementor-tab-content-4072\" aria-expanded=\"false\">2022<\/div>\n\t\t\t\t\t<div id=\"elementor-tab-content-4072\" class=\"elementor-tab-content elementor-clearfix\" data-tab=\"2\" role=\"tabpanel\" aria-labelledby=\"elementor-tab-title-4072\" tabindex=\"0\" hidden=\"hidden\"><table class=\"alm-listing alm-ajax\" data-container-type=\"table\" data-loading-style=\"default\" data-repeater=\"default\" data-post-type=\"page, post\" data-category=\"Publicaciones\">\n<tbody style=\"height: auto\" class=\"alm-reveal\">\n<tr>\n<td>2022<\/td>\n<td><a href=\"https:\/\/www.scopus.com\/authid\/detail.uri?authorId=25940271900\">Leandro Pardo<\/a><\/td>\n<td><a href=\"https:\/\/cio.umh.es\/monge-ivars-juan-francisco\/\">Juan Francisco Monge<\/a><\/td>\n<td>Complutense University<\/td>\n<td>Emerit Professor<\/td>\n<\/tr>\n<tr>\n<td>2022<\/td>\n<td><a href=\"https:\/\/www.scopus.com\/authid\/detail.uri?authorId=55206894900\">Laureano Escudero<\/a><\/td>\n<td><a href=\"https:\/\/cio.umh.es\/monge-ivars-juan-francisco\/\">Juan Francisco Monge<\/a><\/td>\n<td>King Juan Carlos I University<\/td>\n<td>Emerit Professor<\/td>\n<\/tr>\n<tr>\n<td>2022<\/td>\n<td><a href=\"https:\/\/www.scopus.com\/authid\/detail.uri?authorId=57208055489\">Jiaohui Xu<\/a><\/td>\n<td><a href=\"https:\/\/cio.umh.es\/valero-cuadra-jose\/\">Jos\u00e9 Valero<\/a><\/td>\n<td>Sevilla University<\/td>\n<td>Associate Professor<\/td>\n<\/tr>\n<tr>\n<td>2022<\/td>\n<td><a href=\"https:\/\/www.scopus.com\/authid\/detail.uri?authorId=7004250716\">Tom\u00e1s Caraballo<\/a><\/td>\n<td><a href=\"https:\/\/cio.umh.es\/valero-cuadra-jose\/\">Jos\u00e9 Valero<\/a><\/td>\n<td>Sevilla University<\/td>\n<td>Professor<\/td>\n<\/tr>\n<tr>\n<td>2022<\/td>\n<td><a href=\"https:\/\/www.scopus.com\/authid\/detail.uri?authorId=56549880900\">Maria Chiara Pagliarella <\/a><\/td>\n<td><a href=\"https:\/\/cio.umh.es\/morales-gonzalez-domingo\/\">Domingo Morales<\/a><\/td>\n<td>Siena University<\/td>\n<td>Lecturer<\/td>\n<\/tr>\n<tr>\n<td>2022<\/td>\n<td><a href=\"https:\/\/www.scopus.com\/authid\/detail.uri?authorId=6603899835\">Fernando Bernstein<\/a><\/td>\n<td><a href=\"https:\/\/cio.umh.es\/meca-martinez-ana\/\">Ana Meca<\/a><\/td>\n<td>Duke University<\/td>\n<td>Professor<\/td>\n<\/tr>\n<tr>\n<td>2022<\/td>\n<td><a href=\"https:\/\/www.scopus.com\/authid\/detail.uri?authorId=16021288500\">Santiago Budr\u00eda<\/a><\/td>\n<td><a href=\"https:\/\/cio.umh.es\/guitierrez-hita-carlosc\/\">Carlos Guti\u00e9rrez<\/a><\/td>\n<td>Nebrija University<\/td>\n<td>Professor<\/td>\n<\/tr>\n<tr>\n<td>2022<\/td>\n<td><a href=\"https:\/\/www.scopus.com\/authid\/detail.uri?authorId=22984968100\">Marc Escrihuela<\/a><\/td>\n<td><a href=\"https:\/\/cio.umh.es\/guitierrez-hita-carlosc\/\">Carlos Guti\u00e9rrez<\/a><\/td>\n<td>Balearic Islands University<\/td>\n<td>Lecturer<\/td>\n<\/tr>\n<tr>\n<td>2022<\/td>\n<td><a href=\"https:\/\/www.scopus.com\/authid\/detail.uri?authorId=23008733700\">Magdalena Kapelko<\/a><\/td>\n<td><a href=\"https:\/\/cio.umh.es\/aparicio-baeza-juan\/\">Juan Aparicio<\/a><\/td>\n<td>Wroclaw University of Economics and Business<\/td>\n<td>Lecturer<\/td>\n<\/tr>\n<\/tbody>\n<\/table><\/div>\n\t\t\t\t\t\t\t\t\t<div class=\"elementor-tab-title elementor-tab-mobile-title\" aria-selected=\"false\" data-tab=\"3\" role=\"tab\" tabindex=\"-1\" aria-controls=\"elementor-tab-content-4073\" aria-expanded=\"false\">2023<\/div>\n\t\t\t\t\t<div id=\"elementor-tab-content-4073\" class=\"elementor-tab-content elementor-clearfix\" data-tab=\"3\" role=\"tabpanel\" aria-labelledby=\"elementor-tab-title-4073\" tabindex=\"0\" hidden=\"hidden\"><table class=\"alm-listing alm-ajax\" data-container-type=\"table\" data-loading-style=\"default\" data-repeater=\"default\" data-post-type=\"page, post\" data-category=\"Publicaciones\">\n<tbody style=\"height: auto\" class=\"alm-reveal\">\n<tr>\n<td>2023<\/td>\n<td><a href=\"https:\/\/www.scopus.com\/authid\/detail.uri?authorId=16315732300\">Helmut Gfrerer<\/a><\/td>\n<td><a href=\"https:\/\/cio.umh.es\/canovas-canovas-maria-josefa\/\">Mar\u00eda Josefa C\u00e1novas<\/a><\/td>\n<td>Johannes Kepler University Linz<\/td>\n<td>Professor<\/td>\n<\/tr>\n<tr>\n<td>2023<\/td>\n<td><a href=\"https:\/\/www.scopus.com\/authid\/detail.uri?authorId=6506022870\">Jan Ruckmann<\/a><\/td>\n<td><a href=\"https:\/\/cio.umh.es\/parra-lopez-juan\/\">Juan Parra<\/a><\/td>\n<td>Universitetet i Bergen<\/td>\n<td>Professor<\/td>\n<\/tr>\n<tr>\n<td>2023<\/td>\n<td><a href=\"https:\/\/www.scopus.com\/authid\/detail.uri?authorId=13411478200\">Vincent Charles<\/a><\/td>\n<td><a href=\"https:\/\/cio.umh.es\/aparicio-baeza-juan\/\">Juan Aparicio<\/a><\/td>\n<td>Queen&#8217;s University Belfast<\/td>\n<td>Professor<\/td>\n<\/tr>\n<tr>\n<td>2023<\/td>\n<td><a href=\"https:\/\/www.scopus.com\/authid\/detail.uri?authorId=16021288500\">Santiago Burdr\u00eda<\/a><\/td>\n<td><a href=\"https:\/\/cio.umh.es\/guitierrez-hita-carlosc\/\">Carlos Guti\u00e9rrez<\/a><\/td>\n<td>Universidad Antonio de Nebrija,<\/td>\n<td>Lecturer<\/td>\n<\/tr>\n<tr>\n<td>2023<\/td>\n<td><a href=\"https:\/\/www.scopus.com\/authid\/detail.uri?authorId=8062214700\">Greys So\u0161i\u0107 <\/a><\/td>\n<td><a href=\"https:\/\/cio.umh.es\/meca-martinez-ana\/\">Ana Meca<\/a><\/td>\n<td>USC Marshall School of Business<\/td>\n<td>Professor<\/td>\n<\/tr>\n<tr>\n<td>2023<\/td>\n<td><a href=\"https:\/\/www.scopus.com\/authid\/detail.uri?authorId=36632547500\">Francisco Morillas<\/a><\/td>\n<td><a href=\"https:\/\/cio.umh.es\/valero-cuadra-jose\/\">Jos\u00e9 Valero<\/a><\/td>\n<td>Universitat de Val\u00e8ncia<\/td>\n<td>Lecturer<\/td>\n<\/tr>\n<tr>\n<td>2023<\/td>\n<td><a href=\"https:\/\/www.scopus.com\/authid\/detail.uri?authorId=57195295797\">Oliver Mill\u00e1n<\/a><\/td>\n<td><a href=\"https:\/\/cio.umh.es\/amigo-nueva\/\">Jos\u00e9 Mar\u00eda Amig\u00f3<\/a><\/td>\n<td>Universitat Polit\u00e9cnica de Catalunya<\/td>\n<td>Associate professor<\/td>\n<\/tr>\n<tr>\n<td>2023<\/td>\n<td><a href=\"https:\/\/www.scopus.com\/authid\/detail.uri?authorId=23008733700\">Magdalena Kapelko<\/a><\/td>\n<td><a href=\"https:\/\/cio.umh.es\/aparicio-baeza-juan\/\">Juan Aparicio<\/a><\/td>\n<td>Wroclaw University of Economics and Business<\/td>\n<td>Lecturer<\/td>\n<\/tr>\n<\/tbody>\n<\/table><\/div>\n\t\t\t\t\t\t\t\t\t<div class=\"elementor-tab-title elementor-tab-mobile-title\" aria-selected=\"false\" data-tab=\"4\" role=\"tab\" tabindex=\"-1\" aria-controls=\"elementor-tab-content-4074\" aria-expanded=\"false\">2024<\/div>\n\t\t\t\t\t<div id=\"elementor-tab-content-4074\" class=\"elementor-tab-content elementor-clearfix\" data-tab=\"4\" role=\"tabpanel\" aria-labelledby=\"elementor-tab-title-4074\" tabindex=\"0\" hidden=\"hidden\"><table class=\"alm-listing alm-ajax\" data-container-type=\"table\" data-loading-style=\"default\" data-repeater=\"default\" data-post-type=\"page, post\" data-category=\"Publicaciones\">\n<tbody style=\"height: auto\" class=\"alm-reveal\">\n<tr>\n<td>2024<\/td>\n<td><a href=\"https:\/\/www.scopus.com\/authid\/detail.uri?authorId=35614315000\">Antonino Laudani<\/a><\/td>\n<td><a href=\"https:\/\/cio.umh.es\/toledo-melero-francisco-javier\/\">Francisco Javier Toledo<\/a><\/td>\n<td>Universit\u00e0 degli Studi Roma Tre<\/td>\n<td>Professor<\/td>\n<\/tr>\n<tr>\n<td>2024<\/td>\n<td><a href=\"https:\/\/www.scopus.com\/authid\/detail.uri?authorId=7801484080\">Juan de Dios Moreno<\/a><\/td>\n<td><a href=\"https:\/\/cio.umh.es\/sanchez-soriano-joaquin\/\">Joaqu\u00edn S\u00e1nchez<\/a><\/td>\n<td>Universidad Pablo de Olavide<\/td>\n<td>Professor<\/td>\n<\/tr>\n<tr>\n<td>2024<\/td>\n<td><a href=\"https:\/\/www.scopus.com\/authid\/detail.uri?authorId=56110610800\">Jos\u00e9 Luis Zof\u00edo<\/a><\/td>\n<td><a href=\"https:\/\/cio.umh.es\/aparicio-baeza-juan\/\">Juan Aparicio<\/a><\/td>\n<td>Erasmus University Rotterdam<\/td>\n<td>Professor<\/td>\n<\/tr>\n<tr>\n<td>2024<\/td>\n<td><a href=\"https:\/\/www.scopus.com\/authid\/detail.uri?authorId=8584507100\">Tomas Hobza<\/a><\/td>\n<td><a href=\"https:\/\/cio.umh.es\/morales-gonzalez-domingo\/\">Domingo Morales<\/a><\/td>\n<td>Czech Technical University Prague<\/td>\n<td>Professor<\/td>\n<\/tr>\n<tr>\n<td>2024<\/td>\n<td><a href=\"https:\/\/www.scopus.com\/authid\/detail.uri?authorId=6506022870\">Jan Ruckmann<\/a><\/td>\n<td><a href=\"https:\/\/cio.umh.es\/parra-lopez-juan\/\">Juan Parra<\/a><\/td>\n<td>Universitetet i Bergen<\/td>\n<td>Professor<\/td>\n<\/tr>\n<tr>\n<td>2024<\/td>\n<td><a href=\"https:\/\/www.scopus.com\/authid\/detail.uri?authorId=16021288500\">Santiago Budria<\/a><\/td>\n<td><a href=\"https:\/\/cio.umh.es\/guitierrez-hita-carlosc\/\">Carlos Guti\u00e9rrez<\/a><\/td>\n<td>Universidad Nebrija<\/td>\n<td>Professor<\/td>\n<\/tr>\n<tr>\n<td>2024<\/td>\n<td><a href=\"https:\/\/www.scopus.com\/authid\/detail.uri?authorId=36632547500\">Francisco Morillas<\/a><\/td>\n<td><a href=\"https:\/\/cio.umh.es\/valero-cuadra-jose\/\">Jos\u00e9 Valero<\/a><\/td>\n<td>Universitat de Val\u00e8ncia<\/td>\n<td>Lecturer<\/td>\n<\/tr>\n<\/tbody>\n<\/table><\/div>\n\t\t\t\t\t\t\t<\/div>\n\t\t<\/div>\n\t\t\t\t<\/div>\n\t\t\t\t<\/div>\n\t\t\t\t\t\t<\/div>\n\t\t\t\t\t<\/div>\n\t\t<\/div>\n\t\t\t\t\t\t\t\t<\/div>\n\t\t\t\t\t<\/div>\n\t\t<\/section>\n\t\t\t\t\t\t<\/div>\n\t\t\t\t\t\t<\/div>\n\t\t\t\t\t<\/div>\n\t\t","protected":false},"excerpt":{"rendered":"<p>2021<br \/>\n\t\t\t\t\t\t\t\t\t2022<br \/>\n\t\t\t\t\t\t\t\t\t2023<br \/>\n\t\t\t\t\t\t\t\t\t2024<br \/>\n\t\t\t\t\t\t\t\t\t2021<\/p>\n<p>2021<br \/>\nFernando Bernstein<br \/>\nAna Meca<br \/>\nDuke University<br \/>\nProfessor<\/p>\n<p>2021<br \/>\nJuan Carlos Gon\u00e7alves-Dosantos<br \/>\nAna Meca<br \/>\nSantiago Compostela University<br \/>\nPostdoctoral researcher<\/p>\n<p>2021<br \/>\nFrancisco Morillas<br \/>\nJos\u00e9 Valero<br \/>\nValencia University<br \/>\nAssociate Professor<\/p>\n<p>\t\t\t\t\t\t\t\t\t2022<\/p>\n<p>2022<br \/>\nLeandro Pardo<br \/>\nJuan Francisco Monge<br \/>\nComplutense University<br \/>\nEmerit Professor<\/p>\n<p>2022<br \/>\nLaureano Escudero<br \/>\nJuan Francisco Monge<br \/>\nKing Juan Carlos I University<br \/>\nEmerit Professor<\/p>\n<p>2022<br \/>\nJiaohui Xu<br \/>\nJos\u00e9 Valero<br \/>\nSevilla University<br \/>\nAssociate Professor<\/p>\n<p>2022<br \/>\nTom\u00e1s Caraballo<br \/>\nJos\u00e9 Valero<br \/>\nSevilla University<br \/>\nProfessor<\/p>\n<p>2022<br \/>\nMaria Chiara Pagliarella<br \/>\nDomingo Morales<br \/>\nSiena University<br \/>\nLecturer<\/p>\n<p>2022<br \/>\nFernando Bernstein<br \/>\nAna Meca<br \/>\nDuke University<br \/>\nProfessor<\/p>\n<p>2022<br \/>\nSantiago Budr\u00eda<br \/>\nCarlos Guti\u00e9rrez<br \/>\nNebrija University<br \/>\nProfessor<\/p>\n<p>2022<br \/>\nMarc Escrihuela<br \/>\nCarlos Guti\u00e9rrez<br \/>\nBalearic Islands University<br \/>\nLecturer<\/p>\n<p>2022<br \/>\nMagdalena Kapelko<br \/>\nJuan Aparicio<br \/>\nWroclaw University of Economics and [&#8230;]<\/p>\n","protected":false},"author":3782,"featured_media":0,"parent":0,"menu_order":0,"comment_status":"closed","ping_status":"closed","template":"page-templates\/template-pagebuilder-full-width.php","meta":{"_links_to":"","_links_to_target":""},"_links":{"self":[{"href":"https:\/\/prometeodatos.umh.es\/ca\/wp-json\/wp\/v2\/pages\/116"}],"collection":[{"href":"https:\/\/prometeodatos.umh.es\/ca\/wp-json\/wp\/v2\/pages"}],"about":[{"href":"https:\/\/prometeodatos.umh.es\/ca\/wp-json\/wp\/v2\/types\/page"}],"author":[{"embeddable":true,"href":"https:\/\/prometeodatos.umh.es\/ca\/wp-json\/wp\/v2\/users\/3782"}],"replies":[{"embeddable":true,"href":"https:\/\/prometeodatos.umh.es\/ca\/wp-json\/wp\/v2\/comments?post=116"}],"version-history":[{"count":0,"href":"https:\/\/prometeodatos.umh.es\/ca\/wp-json\/wp\/v2\/pages\/116\/revisions"}],"wp:attachment":[{"href":"https:\/\/prometeodatos.umh.es\/ca\/wp-json\/wp\/v2\/media?parent=116"}],"curies":[{"name":"wp","href":"https:\/\/api.w.org\/{rel}","templated":true}]}}